{"id":508,"date":"2018-02-15T13:50:25","date_gmt":"2018-02-15T13:50:25","guid":{"rendered":"https:\/\/wat2010.al\/?page_id=508"},"modified":"2018-03-07T11:00:51","modified_gmt":"2018-03-07T11:00:51","slug":"rreth-nesh","status":"publish","type":"page","link":"https:\/\/wat2010.al\/index.php\/rreth-nesh\/","title":{"rendered":"Rreth nesh"},"content":{"rendered":"<div class=\"wpb-content-wrapper\"><p>[vc_row][vc_column width=&#8221;1\/2&#8243;][vc_single_image image=&#8221;58&#8243; img_size=&#8221;medium&#8221; alignment=&#8221;center&#8221; image_hovers=&#8221;false&#8221; css=&#8221;.vc_custom_1518702939822{margin-top: -10px !important;}&#8221;][vc_column_text css_animation=&#8221;fadeInLeftBig&#8221;]<\/p>\n<p style=\"text-align: justify;\">\u201cWat 2010\u201d vjen n\u00eb tregun shqiptar tani me nj\u00eb vizion t\u00eb ri, produkte t\u00eb reja, dhe pika t\u00eb reja shitjeje!\u00a0Kompania \u201cWat 2010\u201d operon n\u00eb tregun shqiptar prej 10 vjet\u00ebsh, duke qen\u00eb nj\u00eb nga furnizuesit kryesor t\u00eb marketit shqiptar me produkte t\u00eb certifikuara dhe rezistente n\u00eb fush\u00ebn e nd\u00ebrtimit, duke mbuluar k\u00ebshtu t\u00eb gjitha nevojat e nj\u00eb nd\u00ebrtuesi pallatesh, sht\u00ebpish, apo objektesh biznesi t\u00eb ndryshme por edhe familjare si kopshte, pishina etj.\u00a0Eksperienca 10 vjecare ka b\u00ebr\u00eb q\u00eb hap pas hapi t\u2019i sjellim bler\u00ebsit vendas produkte cil\u00ebsore, me garanci dhe me \u00e7mime tep\u00ebr konkuruese. Kompania jon\u00eb sjell pran\u00eb jush t\u00eb gjith\u00eb gam\u00ebn e materialve teknike, hidraulike, materiale nd\u00ebrtimi dhe nj\u00eb s\u00ebr\u00eb artikujsh t\u00eb tjer\u00eb plot\u00ebsues. Kjo larmi produktesh e sh\u00ebrbimesh, vjen tanim\u00eb edhe fal\u00eb lidhjeve t\u00eb forta me prodhues t\u00eb m\u00ebdhenj t\u00eb materialeve plastike Pvc, Polipropilen dhe Politilen.<\/p>\n<p>[\/vc_column_text][vc_custom_heading text=&#8221;Atje ku nd\u00ebrtohet, \u00ebsht\u00eb \u201c Wat 2010\u201d!&#8221; font_container=&#8221;tag:h2|font_size:23px|text_align:right|color:%23df0126&#8243; google_fonts=&#8221;font_family:Lobster%3Aregular|font_style:400%20regular%3A400%3Anormal&#8221; css=&#8221;.vc_custom_1518704135342{margin-top: -30px !important;}&#8221;][vc_column_text css_animation=&#8221;fadeInLeftBig&#8221;]<\/p>\n<p style=\"text-align: justify;\">Ne ju sigurojm\u00eb cil\u00ebsin\u00eb, jet\u00ebgjat\u00ebsin\u00eb dhe garanci p\u00ebr \u00e7do produkt q\u00eb shesim.\u00a0Tek \u201cWat 2010&#8243; do t\u00eb gjeni tubat PVC m\u00eb cil\u00ebsore t\u00eb tregtuara n\u00eb Shqip\u00ebri, me p\u00ebrdorim t\u00eb gjer\u00eb n\u00eb shkarkimin e ujrave t\u00eb bardha dhe t\u00eb zeza, n\u00eb shkarkesat e shirave etj. \u00c7do produkt \u00ebsht\u00eb i certifikuar sipas standarteve t\u00eb cil\u00ebsis\u00eb t\u00eb Komunitetit Evropian. Tek ne do t\u00eb gjeni t\u00eb gjitha llojet e tubave me diametra, spesore, ngjyra dhe gjat\u00ebsi t\u00eb ndryshme.<\/p>\n<p>[\/vc_column_text][vc_custom_heading text=&#8221;Nd\u00ebrtoni t\u00eb sigurt\u00eb me produktet tona!&#8221; font_container=&#8221;tag:h2|font_size:23px|text_align:right|color:%23df0126&#8243; google_fonts=&#8221;font_family:Lobster%3Aregular|font_style:400%20regular%3A400%3Anormal&#8221; css=&#8221;.vc_custom_1518704165785{margin-top: -30px !important;}&#8221;][\/vc_column][vc_column width=&#8221;1\/2&#8243;][vc_media_grid element_width=&#8221;6&#8243; gap=&#8221;10&#8243; grid_id=&#8221;vc_gid:1520420184723-8dc63c4b-78cc-10&#8243; include=&#8221;81,94,95,97&#8243;][\/vc_column][\/vc_row][vc_row][vc_column][vc_empty_space][\/vc_column][\/vc_row][vc_row][vc_column width=&#8221;1\/4&#8243;]<div class=\"aio-icon-component    style_1\"><div id=\"Info-box-wrap-7735\" class=\"aio-icon-box default-icon\" style=\"\"  ><div class=\"aio-icon-default\"><div class=\"ult-just-icon-wrapper  \"><div class=\"align-icon\" style=\"text-align:center;\">\n<div class=\"aio-icon advanced \"  style=\"color:#eaaf0e;background:#ffffff;border-style:solid;border-color:#eaaf0e;border-width:3px;width:45px;height:45px;line-height:45px;border-radius:35px;font-size:32px;display:inline-block;\">\n\t<i class=\"Defaults-tint\"><\/i>\n<\/div><\/div><\/div><\/div><div class=\"aio-icon-header\" ><h3 class=\"aio-icon-title ult-responsive\"  data-ultimate-target='#Info-box-wrap-7735 .aio-icon-title'  data-responsive-json-new='{\"font-size\":\"desktop:22px;\",\"line-height\":\"\"}'  style=\"\">Tuba &amp; Rakorderi<\/h3><\/div> <!-- header --><\/div> <!-- aio-icon-box --><\/div> <!-- aio-icon-component -->[\/vc_column][vc_column width=&#8221;1\/4&#8243;]<div class=\"aio-icon-component    style_1\"><div id=\"Info-box-wrap-7927\" class=\"aio-icon-box default-icon\" style=\"\"  ><div class=\"aio-icon-default\"><div class=\"ult-just-icon-wrapper  \"><div class=\"align-icon\" style=\"text-align:center;\">\n<div class=\"aio-icon advanced \"  style=\"color:#939393;background:#ffffff;border-style:solid;border-color:#939393;border-width:3px;width:45px;height:45px;line-height:45px;border-radius:35px;font-size:32px;display:inline-block;\">\n\t<i class=\"Defaults-wrench\"><\/i>\n<\/div><\/div><\/div><\/div><div class=\"aio-icon-header\" ><h3 class=\"aio-icon-title ult-responsive\"  data-ultimate-target='#Info-box-wrap-7927 .aio-icon-title'  data-responsive-json-new='{\"font-size\":\"desktop:22px;\",\"line-height\":\"\"}'  style=\"\">Hidrosanitare<\/h3><\/div> <!-- header --><\/div> <!-- aio-icon-box --><\/div> <!-- aio-icon-component -->[\/vc_column][vc_column width=&#8221;1\/4&#8243;]<div class=\"aio-icon-component    style_1\"><div id=\"Info-box-wrap-8918\" class=\"aio-icon-box default-icon\" style=\"\"  ><div class=\"aio-icon-default\"><div class=\"ult-just-icon-wrapper  \"><div class=\"align-icon\" style=\"text-align:center;\">\n<div class=\"aio-icon advanced \"  style=\"color:#319e63;background:#ffffff;border-style:solid;border-color:#319e63;border-width:3px;width:45px;height:45px;line-height:45px;border-radius:35px;font-size:32px;display:inline-block;\">\n\t<i class=\"Defaults-leaf\"><\/i>\n<\/div><\/div><\/div><\/div><div class=\"aio-icon-header\" ><h3 class=\"aio-icon-title ult-responsive\"  data-ultimate-target='#Info-box-wrap-8918 .aio-icon-title'  data-responsive-json-new='{\"font-size\":\"desktop:22px;\",\"line-height\":\"\"}'  style=\"\">Agrikulture<\/h3><\/div> <!-- header --><\/div> <!-- aio-icon-box --><\/div> <!-- aio-icon-component -->[\/vc_column][vc_column width=&#8221;1\/4&#8243;]<div class=\"aio-icon-component    style_1\"><div id=\"Info-box-wrap-5390\" class=\"aio-icon-box default-icon\" style=\"\"  ><div class=\"aio-icon-default\"><div class=\"ult-just-icon-wrapper  \"><div class=\"align-icon\" style=\"text-align:center;\">\n<div class=\"aio-icon advanced \"  style=\"color:#1ea9cc;background:#ffffff;border-style:solid;border-color:#1ea9cc;border-width:3px;width:45px;height:45px;line-height:45px;border-radius:35px;font-size:32px;display:inline-block;\">\n\t<i class=\"Defaults-home\"><\/i>\n<\/div><\/div><\/div><\/div><div class=\"aio-icon-header\" ><h3 class=\"aio-icon-title ult-responsive\"  data-ultimate-target='#Info-box-wrap-5390 .aio-icon-title'  data-responsive-json-new='{\"font-size\":\"desktop:22px;\",\"line-height\":\"\"}'  style=\"\">Ujesjelles-Kanalizime<\/h3><\/div> <!-- header --><\/div> <!-- aio-icon-box --><\/div> <!-- aio-icon-component -->[\/vc_column][\/vc_row]<\/p>\n<\/div>","protected":false},"excerpt":{"rendered":"<p>[vc_row][vc_column width=&#8221;1\/2&#8243;][vc_single_image image=&#8221;58&#8243; img_size=&#8221;medium&#8221; alignment=&#8221;center&#8221; image_hovers=&#8221;false&#8221; css=&#8221;.vc_custom_1518702939822{margin-top: -10px !important;}&#8221;][vc_column_text css_animation=&#8221;fadeInLeftBig&#8221;] \u201cWat 2010\u201d vjen n\u00eb tregun shqiptar tani me nj\u00eb vizion t\u00eb ri, produkte t\u00eb reja, dhe pika t\u00eb reja shitjeje!\u00a0Kompania \u201cWat 2010\u201d operon n\u00eb tregun shqiptar prej 10 vjet\u00ebsh, duke qen\u00eb nj\u00eb nga furnizuesit kryesor t\u00eb marketit shqiptar me produkte t\u00eb certifikuara dhe rezistente n\u00eb&hellip;<\/p>\n","protected":false},"author":1,"featured_media":0,"parent":0,"menu_order":0,"comment_status":"closed","ping_status":"closed","template":"","meta":{"footnotes":""},"class_list":["post-508","page","type-page","status-publish","hentry","description-off"],"_links":{"self":[{"href":"https:\/\/wat2010.al\/index.php\/wp-json\/wp\/v2\/pages\/508","targetHints":{"allow":["GET"]}}],"collection":[{"href":"https:\/\/wat2010.al\/index.php\/wp-json\/wp\/v2\/pages"}],"about":[{"href":"https:\/\/wat2010.al\/index.php\/wp-json\/wp\/v2\/types\/page"}],"author":[{"embeddable":true,"href":"https:\/\/wat2010.al\/index.php\/wp-json\/wp\/v2\/users\/1"}],"replies":[{"embeddable":true,"href":"https:\/\/wat2010.al\/index.php\/wp-json\/wp\/v2\/comments?post=508"}],"version-history":[{"count":12,"href":"https:\/\/wat2010.al\/index.php\/wp-json\/wp\/v2\/pages\/508\/revisions"}],"predecessor-version":[{"id":588,"href":"https:\/\/wat2010.al\/index.php\/wp-json\/wp\/v2\/pages\/508\/revisions\/588"}],"wp:attachment":[{"href":"https:\/\/wat2010.al\/index.php\/wp-json\/wp\/v2\/media?parent=508"}],"curies":[{"name":"wp","href":"https:\/\/api.w.org\/{rel}","templated":true}]}}