{"id":477,"date":"2018-02-15T10:49:43","date_gmt":"2018-02-15T10:49:43","guid":{"rendered":"https:\/\/wat2010.al\/?page_id=477"},"modified":"2018-03-07T11:11:31","modified_gmt":"2018-03-07T11:11:31","slug":"te-rejat","status":"publish","type":"page","link":"https:\/\/wat2010.al\/index.php\/te-rejat\/","title":{"rendered":"T\u00cb REJAT"},"content":{"rendered":"<div class=\"wpb-content-wrapper\"><p>[vc_row][vc_column]<style type=\"text\/css\" data-type=\"the7_shortcodes-inline-css\">.blog-shortcode.blog-list-shortcode-id-8288e4875d3ff976d2d3a2c63378a750.dividers-on.classic-layout-list article {\n  margin-top: 50px;\n  padding-top: 0;\n}\n.blog-shortcode.blog-list-shortcode-id-8288e4875d3ff976d2d3a2c63378a750.dividers-on.classic-layout-list article:first-of-type {\n  margin-top: 0;\n  padding-top: 0;\n}\n.blog-shortcode.blog-list-shortcode-id-8288e4875d3ff976d2d3a2c63378a750.classic-layout-list.mode-list .post-thumbnail-wrap {\n  width: 40%;\n}\n.blog-shortcode.blog-list-shortcode-id-8288e4875d3ff976d2d3a2c63378a750.classic-layout-list.mode-list .post-entry-content {\n  width: calc(100% - 40%);\n}\n.blog-shortcode.blog-list-shortcode-id-8288e4875d3ff976d2d3a2c63378a750.classic-layout-list.mode-list .no-img .post-entry-content {\n  width: 100%;\n}\n.blog-shortcode.blog-list-shortcode-id-8288e4875d3ff976d2d3a2c63378a750 .filter-bg-decoration .filter-categories a.act {\n  color: #fff;\n}\n.blog-shortcode.blog-list-shortcode-id-8288e4875d3ff976d2d3a2c63378a750:not(.mode-masonry) article {\n  margin-top: 50px;\n}\n.blog-shortcode.blog-list-shortcode-id-8288e4875d3ff976d2d3a2c63378a750:not(.mode-masonry) article:first-of-type,\n.blog-shortcode.blog-list-shortcode-id-8288e4875d3ff976d2d3a2c63378a750:not(.mode-masonry) article.visible.first:not(.product) {\n  margin-top: 0;\n}\n.blog-shortcode.blog-list-shortcode-id-8288e4875d3ff976d2d3a2c63378a750.dividers-on:not(.mode-masonry) article {\n  margin-top: 0;\n  padding-top: 50px;\n}\n.blog-shortcode.blog-list-shortcode-id-8288e4875d3ff976d2d3a2c63378a750.dividers-on:not(.mode-masonry) article:first-of-type,\n.blog-shortcode.blog-list-shortcode-id-8288e4875d3ff976d2d3a2c63378a750.dividers-on:not(.mode-masonry) article.visible.first:not(.product) {\n  margin-top: 0;\n  padding-top: 0;\n}\n.blog-shortcode.blog-list-shortcode-id-8288e4875d3ff976d2d3a2c63378a750 .post-thumbnail-wrap {\n  padding: 0px 150px -35px 0px;\n}\n.blog-shortcode.blog-list-shortcode-id-8288e4875d3ff976d2d3a2c63378a750.enable-bg-rollover .post-thumbnail-rollover:after {\n  background: -webkit-linear-gradient();\n  background: linear-gradient();\n}\n.blog-shortcode.blog-list-shortcode-id-8288e4875d3ff976d2d3a2c63378a750 .gallery-zoom-ico {\n  width: 44px;\n  height: 44px;\n  line-height: 44px;\n  border-radius: 100px;\n  margin: -22px 0 0 -22px;\n  border-width: 0px;\n  color: #ffffff;\n}\n.bottom-overlap-layout-list.blog-shortcode.blog-list-shortcode-id-8288e4875d3ff976d2d3a2c63378a750 .gallery-zoom-ico {\n  margin-top: -22px;\n}\n.gradient-overlay-layout-list.blog-shortcode.blog-list-shortcode-id-8288e4875d3ff976d2d3a2c63378a750 .gallery-zoom-ico,\n.content-rollover-layout-list.blog-shortcode.blog-list-shortcode-id-8288e4875d3ff976d2d3a2c63378a750 .gallery-zoom-ico {\n  margin: 0 0 10px;\n}\n.content-align-center.gradient-overlay-layout-list.blog-shortcode.blog-list-shortcode-id-8288e4875d3ff976d2d3a2c63378a750 .gallery-zoom-ico,\n.content-align-center.content-rollover-layout-list.blog-shortcode.blog-list-shortcode-id-8288e4875d3ff976d2d3a2c63378a750 .gallery-zoom-ico {\n  margin: 0 auto 10px;\n}\n.dt-icon-bg-on.blog-shortcode.blog-list-shortcode-id-8288e4875d3ff976d2d3a2c63378a750 .gallery-zoom-ico {\n  background: rgba(255,255,255,0.3);\n  box-shadow: none;\n}\n.blog-shortcode.blog-list-shortcode-id-8288e4875d3ff976d2d3a2c63378a750 .gallery-zoom-ico > span,\n.blog-shortcode.blog-list-shortcode-id-8288e4875d3ff976d2d3a2c63378a750 .gallery-zoom-ico:before {\n  font-size: 32px;\n  line-height: 44px;\n}\n.blog-shortcode.blog-list-shortcode-id-8288e4875d3ff976d2d3a2c63378a750 .gallery-zoom-ico > span,\n.blog-shortcode.blog-list-shortcode-id-8288e4875d3ff976d2d3a2c63378a750 .gallery-zoom-ico:before {\n  color: #ffffff;\n}\n.blog-shortcode.blog-list-shortcode-id-8288e4875d3ff976d2d3a2c63378a750 .fancy-date a {\n  background: #ffffff;\n  box-shadow: none;\n}\n.blog-shortcode.blog-list-shortcode-id-8288e4875d3ff976d2d3a2c63378a750 .fancy-date a * {\n  color: #2d2d2d;\n}\n.blog-shortcode.blog-list-shortcode-id-8288e4875d3ff976d2d3a2c63378a750 .entry-title,\n.blog-shortcode.blog-list-shortcode-id-8288e4875d3ff976d2d3a2c63378a750.owl-carousel .entry-title {\n  margin-bottom: 5px;\n  font-weight: bold;\n}\n.blog-shortcode.blog-list-shortcode-id-8288e4875d3ff976d2d3a2c63378a750 .entry-meta {\n  margin-bottom: 15px;\n}\n.blog-shortcode.blog-list-shortcode-id-8288e4875d3ff976d2d3a2c63378a750 .portfolio-categories {\n  margin-bottom: 15px;\n}\n.blog-shortcode.blog-list-shortcode-id-8288e4875d3ff976d2d3a2c63378a750 .entry-excerpt {\n  margin-bottom: 5px;\n}\n.blog-shortcode.blog-list-shortcode-id-8288e4875d3ff976d2d3a2c63378a750:not(.centered-layout-list) .post-entry-content {\n  padding: 25px 30px 30px 30px;\n}\n.blog-shortcode.blog-list-shortcode-id-8288e4875d3ff976d2d3a2c63378a750:not(.centered-layout-list):not(.content-bg-on):not(.mode-list) .no-img .post-entry-content {\n  padding: 0;\n}\n@media screen and (max-width: 768px) {\n  .blog-shortcode.blog-list-shortcode-id-8288e4875d3ff976d2d3a2c63378a750 article {\n    -ms-flex-flow: column nowrap;\n    flex-flow: column nowrap;\n    margin-top: 20px;\n  }\n  .blog-shortcode.blog-list-shortcode-id-8288e4875d3ff976d2d3a2c63378a750.dividers-on article {\n    border: none;\n  }\n  .blog-shortcode.blog-list-shortcode-id-8288e4875d3ff976d2d3a2c63378a750.content-bg-on.centered-layout-list article {\n    padding: 0;\n  }\n  .blog-shortcode.blog-list-shortcode-id-8288e4875d3ff976d2d3a2c63378a750.blog-shortcode.dividers-on article,\n  .blog-shortcode.blog-list-shortcode-id-8288e4875d3ff976d2d3a2c63378a750.dividers-on.classic-layout-list article {\n    margin-top: 20px;\n    padding: 0;\n  }\n  .blog-shortcode.blog-list-shortcode-id-8288e4875d3ff976d2d3a2c63378a750.blog-shortcode.dividers-on article:first-of-type,\n  .blog-shortcode.blog-list-shortcode-id-8288e4875d3ff976d2d3a2c63378a750.dividers-on.classic-layout-list article:first-of-type {\n    padding: 0;\n  }\n  #page .blog-shortcode.blog-list-shortcode-id-8288e4875d3ff976d2d3a2c63378a750 .post-thumbnail-wrap,\n  #page .blog-shortcode.blog-list-shortcode-id-8288e4875d3ff976d2d3a2c63378a750 .post-entry-content {\n    width: 100%;\n    margin: 0;\n    top: 0;\n  }\n  #page .blog-shortcode.blog-list-shortcode-id-8288e4875d3ff976d2d3a2c63378a750 .post-thumbnail-wrap {\n    padding: 0;\n  }\n  #page .blog-shortcode.blog-list-shortcode-id-8288e4875d3ff976d2d3a2c63378a750 .post-entry-content:after {\n    display: none;\n  }\n  #page .blog-shortcode.blog-list-shortcode-id-8288e4875d3ff976d2d3a2c63378a750 .project-even .post-thumbnail-wrap,\n  #page .blog-shortcode.blog-list-shortcode-id-8288e4875d3ff976d2d3a2c63378a750.centered-layout-list .post-thumbnail-wrap {\n    -ms-flex-order: 0;\n    order: 0;\n  }\n  #page .blog-shortcode.blog-list-shortcode-id-8288e4875d3ff976d2d3a2c63378a750.centered-layout-list .post-entry-title-content {\n    -ms-flex-order: 1;\n    order: 1;\n    width: 100%;\n    padding: 20px 20px 0;\n  }\n  #page .blog-shortcode.blog-list-shortcode-id-8288e4875d3ff976d2d3a2c63378a750.centered-layout-list .post-entry-content {\n    -ms-flex-order: 2;\n    order: 2;\n    padding-top: 0;\n  }\n  #page .blog-shortcode.blog-list-shortcode-id-8288e4875d3ff976d2d3a2c63378a750 .fancy-categories {\n    top: 10px;\n    left: 10px;\n    bottom: auto;\n    right: auto;\n  }\n  #page .blog-shortcode.blog-list-shortcode-id-8288e4875d3ff976d2d3a2c63378a750 .fancy-date a {\n    top: 10px;\n    right: 10px;\n    left: auto;\n    bottom: auto;\n  }\n  #page .blog-shortcode.blog-list-shortcode-id-8288e4875d3ff976d2d3a2c63378a750 .post-entry-content {\n    padding: 20px;\n  }\n  #page .blog-shortcode.blog-list-shortcode-id-8288e4875d3ff976d2d3a2c63378a750 .entry-title {\n    margin: 3px 0 5px;\n    font-size: 20px;\n    line-height: 26px;\n  }\n  #page .blog-shortcode.blog-list-shortcode-id-8288e4875d3ff976d2d3a2c63378a750 .entry-meta {\n    margin: 5px 0 5px;\n  }\n  #page .blog-shortcode.blog-list-shortcode-id-8288e4875d3ff976d2d3a2c63378a750 .entry-excerpt {\n    margin: 15px 0 0;\n  }\n  #page .blog-shortcode.blog-list-shortcode-id-8288e4875d3ff976d2d3a2c63378a750 .post-details {\n    margin: 5px 0 10px;\n  }\n  #page .blog-shortcode.blog-list-shortcode-id-8288e4875d3ff976d2d3a2c63378a750 .post-details.details-type-link {\n    margin-bottom: 2px;\n  }\n}\n<\/style><div class=\"articles-list blog-shortcode mode-list blog-list-shortcode-id-8288e4875d3ff976d2d3a2c63378a750 classic-layout-list content-bg-on jquery-filter scale-img dt-icon-bg-off loading-effect-fade-in\" data-cur-page=\"1\" data-post-limit=\"-1\" data-pagination-mode=\"none\"><article class=\"post project-odd visible post-484 type-post status-publish format-standard has-post-thumbnail hentry category-te-rejat category-42 description-off\" data-name=\"Mir\u00ebsevini n\u00eb website-in ton\u00eb!\" data-date=\"2018-02-15T10:55:48+00:00\">\n\n<div class=\"post-thumbnail-wrap\">\n\t<div class=\"post-thumbnail\">\n\n\t\t\n\t\t\n\t\t<a href=\"https:\/\/wat2010.al\/index.php\/2018\/02\/15\/miresevini-ne-website-in-tone\/\" class=\"post-thumbnail-rollover layzr-bg layzr-bg\" ><img decoding=\"async\" class=\"blog-thumb-lazy-load preload-me lazy-load aspect\" src=\"data:image\/svg+xml,%3Csvg%20xmlns%3D&#39;http%3A%2F%2Fwww.w3.org%2F2000%2Fsvg&#39;%20viewBox%3D&#39;0%200%20302%20151&#39;%2F%3E\" data-src=\"https:\/\/wat2010.al\/wp-content\/uploads\/2018\/02\/website-2-302x151.jpg\" data-srcset=\"https:\/\/wat2010.al\/wp-content\/uploads\/2018\/02\/website-2-302x151.jpg 302w\" loading=\"eager\" style=\"--ratio: 302 \/ 151\" sizes=\"(max-width: 302px) 100vw, 302px\" alt=\"\"  width=\"302\" height=\"151\"  \/><\/a>\n\t<\/div>\n<\/div>\n\n\n<div class=\"post-entry-content\">\n\n\t<h3 class=\"entry-title\">\n\t\t<a href=\"https:\/\/wat2010.al\/index.php\/2018\/02\/15\/miresevini-ne-website-in-tone\/\" title=\"Mir\u00ebsevini n\u00eb website-in ton\u00eb!\" rel=\"bookmark\">Mir\u00ebsevini n\u00eb website-in ton\u00eb!<\/a>\n\t<\/h3>\n\n\t<div class=\"entry-meta\"><span class=\"category-link\"><a href=\"https:\/\/wat2010.al\/index.php\/category\/te-rejat\/\" >Te rejat<\/a><\/span><a class=\"author vcard\" href=\"https:\/\/wat2010.al\/index.php\/author\/admin\/\" title=\"View all posts by admin\" rel=\"author\">By <span class=\"fn\">admin<\/span><\/a><a href=\"https:\/\/wat2010.al\/index.php\/2018\/02\/15\/\" title=\"10:55 am\" class=\"data-link\" rel=\"bookmark\"><time class=\"entry-date updated\" datetime=\"2018-02-15T10:55:48+00:00\">February 15, 2018<\/time><\/a><\/div>\n\t<div class=\"entry-excerpt\"><p>[vc_row][vc_column width=&#8221;1\/2&#8243;][vc_single_image image=&#8221;486&#8243; img_size=&#8221;full&#8221; alignment=&#8221;center&#8221;][\/vc_column][vc_column width=&#8221;1\/2&#8243;][vc_empty_space height=&#8221;55px&#8221;][vc_column_text] Mir\u00ebsevini n\u00eb websitin ton\u00eb m\u00eb t\u00eb ri. K\u00ebtu do t\u00eb gjeni gjith\u00eb informacionin e nevojsh\u00ebm mbi gam\u00ebn e produkteve tona. Gjithashtu mund t\u00eb informoheni rreth t\u00eb rejave m\u00eb t\u00eb fundit t\u00eb kompanis\u00eb ton\u00eb. P\u00ebr \u00e7do pyetje q\u00eb mund t\u00eb keni, jeni t\u00eb lutur t\u00eb na kontaktoni n\u00ebp\u00ebrmjet form\u00ebs&hellip;<\/p>\n<\/div>\n\t\n<a href=\"https:\/\/wat2010.al\/index.php\/2018\/02\/15\/miresevini-ne-website-in-tone\/\" class=\"post-details details-type-link\" aria-label=\"Read more about Mir\u00ebsevini n\u00eb website-in ton\u00eb!\">ME TEPER<i class=\"dt-icon-the7-arrow-03\" aria-hidden=\"true\"><\/i><\/a>\n\n<\/div><\/article><\/div>[\/vc_column][\/vc_row]<\/p>\n<\/div>","protected":false},"excerpt":{"rendered":"<p>[vc_row][vc_column][\/vc_column][\/vc_row]<\/p>\n","protected":false},"author":1,"featured_media":0,"parent":0,"menu_order":0,"comment_status":"closed","ping_status":"closed","template":"","meta":{"footnotes":""},"class_list":["post-477","page","type-page","status-publish","hentry","description-off"],"_links":{"self":[{"href":"https:\/\/wat2010.al\/index.php\/wp-json\/wp\/v2\/pages\/477","targetHints":{"allow":["GET"]}}],"collection":[{"href":"https:\/\/wat2010.al\/index.php\/wp-json\/wp\/v2\/pages"}],"about":[{"href":"https:\/\/wat2010.al\/index.php\/wp-json\/wp\/v2\/types\/page"}],"author":[{"embeddable":true,"href":"https:\/\/wat2010.al\/index.php\/wp-json\/wp\/v2\/users\/1"}],"replies":[{"embeddable":true,"href":"https:\/\/wat2010.al\/index.php\/wp-json\/wp\/v2\/comments?post=477"}],"version-history":[{"count":6,"href":"https:\/\/wat2010.al\/index.php\/wp-json\/wp\/v2\/pages\/477\/revisions"}],"predecessor-version":[{"id":593,"href":"https:\/\/wat2010.al\/index.php\/wp-json\/wp\/v2\/pages\/477\/revisions\/593"}],"wp:attachment":[{"href":"https:\/\/wat2010.al\/index.php\/wp-json\/wp\/v2\/media?parent=477"}],"curies":[{"name":"wp","href":"https:\/\/api.w.org\/{rel}","templated":true}]}}